{"id":7,"date":"2019-09-10T10:19:47","date_gmt":"2019-09-10T10:19:47","guid":{"rendered":"https:\/\/hirvigo.ch\/?page_id=7"},"modified":"2019-09-10T10:19:48","modified_gmt":"2019-09-10T10:19:48","slug":"ueber-uns","status":"publish","type":"page","link":"https:\/\/hirvigo.ch\/?page_id=7","title":{"rendered":"\u00dcBER UNS"},"content":{"rendered":"\n<p>Wir, Lukas und Andrea, erkunden den Norden Europas. Gestartet wird mit dem Zug von Bern nach Hamburg. Dort wartet unser WOMO, welches uns auf unserer Erkundungstour durch Skandinavien begleiten wird. Via D\u00e4nemark erreichen wir Schweden, Finnland und Norwegen, geleitet durch Wind und Wetter \u2013 und hoffentlich einigen Sehensw\u00fcrdigkeiten\u2026&nbsp;<\/p>\n\n\n\n<p>Hier auf hirvigo.ch f\u00fchren wir Tagebuch, damit die Daheimgebliebenen und Reiselustigen auch an unserer Reise teilhaben k\u00f6nnen. Unserer Fotografie, einige Videos und Reiseberichte sollen als Inspiration f\u00fcr zuk\u00fcnftige Skandinavien-Camper dienen. Wir sind gespannt auf das Reich des Elches (finnnisch:&nbsp;<strong>hirvi<\/strong>) und k\u00f6nnen es nicht erwarten \u2013 let\u2019s&nbsp;<strong>go<\/strong><\/p>\n","protected":false},"excerpt":{"rendered":"<p>Wir, Lukas und Andrea, erkunden den Norden Europas. Gestartet wird mit dem Zug von Bern nach Hamburg. Dort wartet unser WOMO, welches uns auf unserer Erkundungstour durch Skandinavien begleiten wird. Via D\u00e4nemark erreichen wir Schweden, Finnland und Norwegen, geleitet durch Wind und Wetter \u2013 und &hellip; <a href=\"https:\/\/hirvigo.ch\/?page_id=7\" class=\"more-link\"><span>Continue reading<span class=\"screen-reader-text\">\u00dcBER UNS<\/span><\/span><\/a><\/p>\n","protected":false},"author":1,"featured_media":0,"parent":0,"menu_order":0,"comment_status":"closed","ping_status":"closed","template":"","meta":[],"yoast_head":"<!-- This site is optimized with the Yoast SEO plugin v17.9 - https:\/\/yoast.com\/wordpress\/plugins\/seo\/ -->\n<title>\u00dcBER UNS - HIRVIGO<\/title>\n<meta name=\"robots\" content=\"index, follow, max-snippet:-1, max-image-preview:large, max-video-preview:-1\" \/>\n<link rel=\"canonical\" href=\"https:\/\/hirvigo.ch\/?page_id=7\" \/>\n<meta property=\"og:locale\" content=\"de_DE\" \/>\n<meta property=\"og:type\" content=\"article\" \/>\n<meta property=\"og:title\" content=\"\u00dcBER UNS - HIRVIGO\" \/>\n<meta property=\"og:description\" content=\"Wir, Lukas und Andrea, erkunden den Norden Europas. Gestartet wird mit dem Zug von Bern nach Hamburg. Dort wartet unser WOMO, welches uns auf unserer Erkundungstour durch Skandinavien begleiten wird. Via D\u00e4nemark erreichen wir Schweden, Finnland und Norwegen, geleitet durch Wind und Wetter \u2013 und &hellip; Continue reading\u00dcBER UNS\" \/>\n<meta property=\"og:url\" content=\"https:\/\/hirvigo.ch\/?page_id=7\" \/>\n<meta property=\"og:site_name\" content=\"HIRVIGO\" \/>\n<meta property=\"article:modified_time\" content=\"2019-09-10T10:19:48+00:00\" \/>\n<meta name=\"twitter:card\" content=\"summary_large_image\" \/>\n<meta name=\"twitter:label1\" content=\"Est. reading time\" \/>\n\t<meta name=\"twitter:data1\" content=\"1 Minute\" \/>\n<script type=\"application\/ld+json\" class=\"yoast-schema-graph\">{\"@context\":\"https:\/\/schema.org\",\"@graph\":[{\"@type\":\"WebSite\",\"@id\":\"https:\/\/hirvigo.ch\/#website\",\"url\":\"https:\/\/hirvigo.ch\/\",\"name\":\"HIRVIGO\",\"description\":\"Entdeckungsreise durch den Norden\",\"potentialAction\":[{\"@type\":\"SearchAction\",\"target\":{\"@type\":\"EntryPoint\",\"urlTemplate\":\"https:\/\/hirvigo.ch\/?s={search_term_string}\"},\"query-input\":\"required name=search_term_string\"}],\"inLanguage\":\"de-CH\"},{\"@type\":\"WebPage\",\"@id\":\"https:\/\/hirvigo.ch\/?page_id=7#webpage\",\"url\":\"https:\/\/hirvigo.ch\/?page_id=7\",\"name\":\"\\u00dcBER UNS - HIRVIGO\",\"isPartOf\":{\"@id\":\"https:\/\/hirvigo.ch\/#website\"},\"datePublished\":\"2019-09-10T10:19:47+00:00\",\"dateModified\":\"2019-09-10T10:19:48+00:00\",\"breadcrumb\":{\"@id\":\"https:\/\/hirvigo.ch\/?page_id=7#breadcrumb\"},\"inLanguage\":\"de-CH\",\"potentialAction\":[{\"@type\":\"ReadAction\",\"target\":[\"https:\/\/hirvigo.ch\/?page_id=7\"]}]},{\"@type\":\"BreadcrumbList\",\"@id\":\"https:\/\/hirvigo.ch\/?page_id=7#breadcrumb\",\"itemListElement\":[{\"@type\":\"ListItem\",\"position\":1,\"name\":\"Home\",\"item\":\"https:\/\/hirvigo.ch\/\"},{\"@type\":\"ListItem\",\"position\":2,\"name\":\"\\u00dcBER UNS\"}]}]}<\/script>\n<!-- \/ Yoast SEO plugin. -->","yoast_head_json":{"title":"\u00dcBER UNS - HIRVIGO","robots":{"index":"index","follow":"follow","max-snippet":"max-snippet:-1","max-image-preview":"max-image-preview:large","max-video-preview":"max-video-preview:-1"},"canonical":"https:\/\/hirvigo.ch\/?page_id=7","og_locale":"de_DE","og_type":"article","og_title":"\u00dcBER UNS - HIRVIGO","og_description":"Wir, Lukas und Andrea, erkunden den Norden Europas. Gestartet wird mit dem Zug von Bern nach Hamburg. Dort wartet unser WOMO, welches uns auf unserer Erkundungstour durch Skandinavien begleiten wird. Via D\u00e4nemark erreichen wir Schweden, Finnland und Norwegen, geleitet durch Wind und Wetter \u2013 und &hellip; Continue reading\u00dcBER UNS","og_url":"https:\/\/hirvigo.ch\/?page_id=7","og_site_name":"HIRVIGO","article_modified_time":"2019-09-10T10:19:48+00:00","twitter_card":"summary_large_image","twitter_misc":{"Est. reading time":"1 Minute"},"schema":{"@context":"https:\/\/schema.org","@graph":[{"@type":"WebSite","@id":"https:\/\/hirvigo.ch\/#website","url":"https:\/\/hirvigo.ch\/","name":"HIRVIGO","description":"Entdeckungsreise durch den Norden","potentialAction":[{"@type":"SearchAction","target":{"@type":"EntryPoint","urlTemplate":"https:\/\/hirvigo.ch\/?s={search_term_string}"},"query-input":"required name=search_term_string"}],"inLanguage":"de-CH"},{"@type":"WebPage","@id":"https:\/\/hirvigo.ch\/?page_id=7#webpage","url":"https:\/\/hirvigo.ch\/?page_id=7","name":"\u00dcBER UNS - HIRVIGO","isPartOf":{"@id":"https:\/\/hirvigo.ch\/#website"},"datePublished":"2019-09-10T10:19:47+00:00","dateModified":"2019-09-10T10:19:48+00:00","breadcrumb":{"@id":"https:\/\/hirvigo.ch\/?page_id=7#breadcrumb"},"inLanguage":"de-CH","potentialAction":[{"@type":"ReadAction","target":["https:\/\/hirvigo.ch\/?page_id=7"]}]},{"@type":"BreadcrumbList","@id":"https:\/\/hirvigo.ch\/?page_id=7#breadcrumb","itemListElement":[{"@type":"ListItem","position":1,"name":"Home","item":"https:\/\/hirvigo.ch\/"},{"@type":"ListItem","position":2,"name":"\u00dcBER UNS"}]}]}},"_links":{"self":[{"href":"https:\/\/hirvigo.ch\/index.php?rest_route=\/wp\/v2\/pages\/7"}],"collection":[{"href":"https:\/\/hirvigo.ch\/index.php?rest_route=\/wp\/v2\/pages"}],"about":[{"href":"https:\/\/hirvigo.ch\/index.php?rest_route=\/wp\/v2\/types\/page"}],"author":[{"embeddable":true,"href":"https:\/\/hirvigo.ch\/index.php?rest_route=\/wp\/v2\/users\/1"}],"replies":[{"embeddable":true,"href":"https:\/\/hirvigo.ch\/index.php?rest_route=%2Fwp%2Fv2%2Fcomments&post=7"}],"version-history":[{"count":2,"href":"https:\/\/hirvigo.ch\/index.php?rest_route=\/wp\/v2\/pages\/7\/revisions"}],"predecessor-version":[{"id":12,"href":"https:\/\/hirvigo.ch\/index.php?rest_route=\/wp\/v2\/pages\/7\/revisions\/12"}],"wp:attachment":[{"href":"https:\/\/hirvigo.ch\/index.php?rest_route=%2Fwp%2Fv2%2Fmedia&parent=7"}],"curies":[{"name":"wp","href":"https:\/\/api.w.org\/{rel}","templated":true}]}}